{"id":6,"date":"2021-07-22T22:45:53","date_gmt":"2021-07-22T20:45:53","guid":{"rendered":"http:\/\/www.gilz.top\/?page_id=6"},"modified":"2021-07-22T22:57:52","modified_gmt":"2021-07-22T20:57:52","slug":"le-nouveau-e-mucem-ouvre-ses-portes-2","status":"publish","type":"page","link":"https:\/\/www.gilz.top\/","title":{"rendered":"Le ch\u00e2teau d&rsquo;or"},"content":{"rendered":"\n<div class=\"is-layout-flow wp-block-group alignwide\"><div class=\"wp-block-group__inner-container\">\n<h2 class=\"has-text-align-center\">Une aventure de six ann\u00e9es<\/h2>\n<\/div><\/div>\n\n\n\n<div class=\"is-layout-flex wp-container-8 wp-block-columns alignwide\">\n<div class=\"is-layout-flow wp-block-column\">\n<div class=\"is-layout-flow wp-block-group\"><div class=\"wp-block-group__inner-container\">\n<figure class=\"wp-block-image alignfull size-full is-style-rounded\"><img decoding=\"async\" loading=\"lazy\" width=\"512\" height=\"204\" src=\"http:\/\/www.gilz.top\/wp-content\/uploads\/2021\/07\/cropped-20180602_151919-scaled-1-e1626987106335.jpg\" alt=\"\" class=\"wp-image-30\" srcset=\"https:\/\/www.gilz.top\/wp-content\/uploads\/2021\/07\/cropped-20180602_151919-scaled-1-e1626987106335.jpg 512w, https:\/\/www.gilz.top\/wp-content\/uploads\/2021\/07\/cropped-20180602_151919-scaled-1-e1626987106335-300x120.jpg 300w\" sizes=\"(max-width: 512px) 100vw, 512px\" \/><\/figure>\n\n\n\n<h3>Travaux et jours<\/h3>\n\n\n\n<p>1er ao\u00fbt au 1er d\u00e9cembre<\/p>\n\n\n\n<div class=\"wp-block-button is-style-outline\"><a class=\"wp-block-button__link\" href=\"https:\/\/make.wordpress.org\/core\/2019\/09\/27\/block-editor-theme-related-updates-in-wordpress-5-3\/\">Lire la suite<\/a><\/div>\n<\/div><\/div>\n\n\n\n<div class=\"is-layout-flow wp-block-group\"><div class=\"wp-block-group__inner-container\">\n<figure class=\"wp-block-image alignfull size-full\"><img decoding=\"async\" src=\"http:\/\/www.gilz.top\/wp-content\/themes\/twentytwenty\/assets\/images\/2020-three-quarters-3.png\" alt=\"\" class=\"wp-image-37\"\/><\/figure>\n\n\n\n<h3>Th\u00e9\u00e2tre des op\u00e9rations<\/h3>\n\n\n\n<p>1er octobre au 1er d\u00e9cembre<\/p>\n\n\n\n<div class=\"wp-block-button is-style-outline\"><a class=\"wp-block-button__link\" href=\"https:\/\/make.wordpress.org\/core\/2019\/09\/27\/block-editor-theme-related-updates-in-wordpress-5-3\/\">Lire la suite<\/a><\/div>\n<\/div><\/div>\n<\/div>\n\n\n\n<div class=\"is-layout-flow wp-block-column\">\n<div class=\"is-layout-flow wp-block-group\"><div class=\"wp-block-group__inner-container\">\n<figure class=\"wp-block-image alignfull size-full\"><img decoding=\"async\" src=\"http:\/\/www.gilz.top\/wp-content\/themes\/twentytwenty\/assets\/images\/2020-three-quarters-2.png\" alt=\"\" class=\"wp-image-37\"\/><\/figure>\n\n\n\n<h3>La vie que je m\u00e9rite<\/h3>\n\n\n\n<p>1er ao\u00fbt au 1er d\u00e9cembre<\/p>\n\n\n\n<div class=\"wp-block-button is-style-outline\"><a class=\"wp-block-button__link\" href=\"https:\/\/make.wordpress.org\/core\/2019\/09\/27\/block-editor-theme-related-updates-in-wordpress-5-3\/\">Lire la suite<\/a><\/div>\n<\/div><\/div>\n\n\n\n<div class=\"is-layout-flow wp-block-group\"><div class=\"wp-block-group__inner-container\">\n<figure class=\"wp-block-image alignfull size-full\"><img decoding=\"async\" src=\"http:\/\/www.gilz.top\/wp-content\/themes\/twentytwenty\/assets\/images\/2020-three-quarters-4.png\" alt=\"\" class=\"wp-image-37\"\/><\/figure>\n\n\n\n<h3>De Signac \u00e0 Matisse<\/h3>\n\n\n\n<p>1er octobre au 1er d\u00e9cembre<\/p>\n\n\n\n<div class=\"wp-block-button is-style-outline\"><a class=\"wp-block-button__link\" href=\"https:\/\/make.wordpress.org\/core\/2019\/09\/27\/block-editor-theme-related-updates-in-wordpress-5-3\/\">Lire la suite<\/a><\/div>\n<\/div><\/div>\n<\/div>\n<\/div>\n\n\n\n<figure class=\"wp-block-image alignfull size-full\"><img decoding=\"async\" src=\"http:\/\/www.gilz.top\/wp-content\/themes\/twentytwenty\/assets\/images\/2020-landscape-2.png\" alt=\"\" class=\"wp-image-37\"\/><\/figure>\n\n\n\n<div class=\"is-layout-flow wp-block-group alignwide\"><div class=\"wp-block-group__inner-container\">\n<h2 class=\"has-text-align-center has-accent-color has-text-color\">\u00ab&nbsp;Les cyborgs, comme l\u2019a fait remarquer la philosophe Donna Haraway, ne sont pas respectueux. Ils ne se souviennent pas du cosmos.&nbsp;\u00bb<\/h2>\n<\/div><\/div>\n\n\n\n<p class=\"has-drop-cap\">Avec ses sept \u00e9tages d\u2019architecture remarquable, le E-Mucem pr\u00e9sente des expositions d\u2019art contemporain international, parfois accompagn\u00e9es de r\u00e9trospectives sur l\u2019histoire de l\u2019art. Les questions existentielles, politiques et philosophiques font partie int\u00e9grante de notre programme. En tant que visiteur, vous \u00eates invit\u00e9 \u00e0 des visites guid\u00e9es, des conf\u00e9rences, des projections de films et d\u2019autres \u00e9v\u00e8nements avec entr\u00e9e gratuite.<\/p>\n\n\n\n<p>Les expositions sont produites par le E-Mucem en collaboration avec des artistes et des mus\u00e9es du monde entier et attirent souvent l\u2019attention internationale. Le E-Mucem a re\u00e7u une mention sp\u00e9ciale du Mus\u00e9e europ\u00e9en de l\u2019ann\u00e9e et a \u00e9t\u00e9 l\u2019un des meilleurs candidats pour le Prix du Mus\u00e9e m\u00e9diterran\u00e9en de l\u2019ann\u00e9e ainsi que pour le Prix du Mus\u00e9e du Conseil de l\u2019Europe.<\/p>\n\n\n\n<p><\/p>\n\n\n\n<div class=\"is-layout-flow wp-block-group alignwide has-background\" style=\"background-color:#ffffff\"><div class=\"wp-block-group__inner-container\">\n<div class=\"is-layout-flow wp-block-group\"><div class=\"wp-block-group__inner-container\">\n<h2 class=\"has-text-align-center\">Devenez membre et obtenez des offres exclusives&nbsp;!<\/h2>\n\n\n\n<p class=\"has-text-align-center\">Les adh\u00e9rent\u00b7es ont acc\u00e8s \u00e0 des expositions et des ventes exclusives. Notre abonnement co\u00fbtent $99.99 et est factur\u00e9 annuellement.<\/p>\n\n\n\n<div class=\"wp-block-button aligncenter\"><a class=\"wp-block-button__link\" href=\"https:\/\/make.wordpress.org\/core\/2019\/09\/27\/block-editor-theme-related-updates-in-wordpress-5-3\/\">Rejoignez le club<\/a><\/div>\n<\/div><\/div>\n<\/div><\/div>\n\n\n\n<figure class=\"is-layout-flex wp-block-gallery-12 wp-block-gallery alignwide columns-2 is-cropped\"><ul class=\"blocks-gallery-grid\"><li class=\"blocks-gallery-item\"><figure><img decoding=\"async\" src=\"http:\/\/www.gilz.top\/wp-content\/themes\/twentytwenty\/assets\/images\/2020-square-2.png\" alt=\"\" data-id=\"39\" data-full-url=\"http:\/\/www.gilz.top\/wp-content\/themes\/twentytwenty\/assets\/images\/2020-square-2.png\" data-link=\"assets\/images\/2020-square-2\/\" class=\"wp-image-39\"\/><\/figure><\/li><li class=\"blocks-gallery-item\"><figure><img decoding=\"async\" src=\"http:\/\/www.gilz.top\/wp-content\/themes\/twentytwenty\/assets\/images\/2020-square-1.png\" alt=\"\" data-id=\"38\" data-full-url=\"http:\/\/www.gilz.top\/wp-content\/themes\/twentytwenty\/assets\/images\/2020-square-1.png\" data-link=\"http:\/\/www.gilz.top\/wp-content\/themes\/twentytwenty\/assets\/images\/2020-square-1\/\" class=\"wp-image-38\"\/><\/figure><\/li><\/ul><\/figure>\n","protected":false},"excerpt":{"rendered":"<p>Une aventure de six ann\u00e9es Travaux et jours 1er ao\u00fbt au 1er d\u00e9cembre Th\u00e9\u00e2tre des op\u00e9rations 1er octobre au 1er &hellip; <\/p>\n","protected":false},"author":1,"featured_media":5,"parent":0,"menu_order":0,"comment_status":"closed","ping_status":"closed","template":"","meta":[],"_links":{"self":[{"href":"https:\/\/www.gilz.top\/index.php\/wp-json\/wp\/v2\/pages\/6"}],"collection":[{"href":"https:\/\/www.gilz.top\/index.php\/wp-json\/wp\/v2\/pages"}],"about":[{"href":"https:\/\/www.gilz.top\/index.php\/wp-json\/wp\/v2\/types\/page"}],"author":[{"embeddable":true,"href":"https:\/\/www.gilz.top\/index.php\/wp-json\/wp\/v2\/users\/1"}],"replies":[{"embeddable":true,"href":"https:\/\/www.gilz.top\/index.php\/wp-json\/wp\/v2\/comments?post=6"}],"version-history":[{"count":2,"href":"https:\/\/www.gilz.top\/index.php\/wp-json\/wp\/v2\/pages\/6\/revisions"}],"predecessor-version":[{"id":34,"href":"https:\/\/www.gilz.top\/index.php\/wp-json\/wp\/v2\/pages\/6\/revisions\/34"}],"wp:featuredmedia":[{"embeddable":true,"href":"https:\/\/www.gilz.top\/index.php\/wp-json\/wp\/v2\/media\/5"}],"wp:attachment":[{"href":"https:\/\/www.gilz.top\/index.php\/wp-json\/wp\/v2\/media?parent=6"}],"curies":[{"name":"wp","href":"https:\/\/api.w.org\/{rel}","templated":true}]}}